{"id":213,"date":"2024-10-03T22:23:35","date_gmt":"2024-10-04T01:23:35","guid":{"rendered":"https:\/\/sanchezhidalgo.tur.ar\/shvia\/?page_id=213"},"modified":"2025-01-25T18:54:35","modified_gmt":"2025-01-25T21:54:35","slug":"empresa","status":"publish","type":"page","link":"https:\/\/sanchezhidalgo.tur.ar\/en\/empresa\/","title":{"rendered":"Empresa"},"content":{"rendered":"<div data-elementor-type=\"wp-page\" data-elementor-id=\"213\" class=\"elementor elementor-213\">\n\t\t\t\t<div class=\"elementor-element elementor-element-b6e8a60 e-flex e-con-boxed e-con e-parent\" data-id=\"b6e8a60\" data-element_type=\"container\" data-e-type=\"container\">\n\t\t\t\t\t<div class=\"e-con-inner\">\n\t\t\t\t<div class=\"elementor-element elementor-element-6612f29 elementor-widget elementor-widget-video\" data-id=\"6612f29\" data-element_type=\"widget\" data-e-type=\"widget\" data-settings=\"{&quot;video_type&quot;:&quot;hosted&quot;,&quot;controls&quot;:&quot;yes&quot;}\" data-widget_type=\"video.default\">\n\t\t\t\t\t\t\t<div class=\"e-hosted-video elementor-wrapper elementor-open-inline\">\n\t\t\t\t\t<video class=\"elementor-video\" src=\"https:\/\/sanchezhidalgo.tur.ar\/contenidos\/SHViajes-Video.mp4\" controls=\"\" preload=\"metadata\" controlslist=\"nodownload\"><\/video>\n\t\t\t\t<\/div>\n\t\t\t\t\t\t<\/div>\n\t\t\t\t\t<\/div>\n\t\t\t\t<\/div>\n\t\t<div class=\"elementor-element elementor-element-2b91a15 e-flex e-con-boxed e-con e-parent\" data-id=\"2b91a15\" data-element_type=\"container\" data-e-type=\"container\">\n\t\t\t\t\t<div class=\"e-con-inner\">\n\t\t\t\t<div class=\"elementor-element elementor-element-1ddac8d elementor-widget elementor-widget-heading\" data-id=\"1ddac8d\" data-element_type=\"widget\" data-e-type=\"widget\" data-widget_type=\"heading.default\">\n\t\t\t\t\t<h2 class=\"elementor-heading-title elementor-size-default\">Sanchez Hidalgo Viajes SRL - Leg. 3725<\/h2>\t\t\t\t<\/div>\n\t\t<div class=\"elementor-element elementor-element-c9ca18d e-grid e-con-full e-con e-child\" data-id=\"c9ca18d\" data-element_type=\"container\" data-e-type=\"container\" data-settings=\"{&quot;background_background&quot;:&quot;classic&quot;}\">\n\t\t\t\t<div class=\"elementor-element elementor-element-167dca3 elementor-widget elementor-widget-image-box\" data-id=\"167dca3\" data-element_type=\"widget\" data-e-type=\"widget\" data-widget_type=\"image-box.default\">\n\t\t\t\t\t<div class=\"elementor-image-box-wrapper\"><div class=\"elementor-image-box-content\"><h3 class=\"elementor-image-box-title\">Informaci\u00f3n de la agencia<\/h3><p class=\"elementor-image-box-description\">Razon Social: Sanchez Hidalgo Viajes SRL<\/p><\/div><\/div>\t\t\t\t<\/div>\n\t\t\t\t<div class=\"elementor-element elementor-element-f1333d7 elementor-widget elementor-widget-image-box\" data-id=\"f1333d7\" data-element_type=\"widget\" data-e-type=\"widget\" data-widget_type=\"image-box.default\">\n\t\t\t\t\t<div class=\"elementor-image-box-wrapper\"><div class=\"elementor-image-box-content\"><h3 class=\"elementor-image-box-title\">Bajo denominaci\u00f3n comercial<\/h3><p class=\"elementor-image-box-description\">Sanchez Hidalgo Viajes SRL<\/p><\/div><\/div>\t\t\t\t<\/div>\n\t\t\t\t<div class=\"elementor-element elementor-element-3536aca elementor-widget elementor-widget-image-box\" data-id=\"3536aca\" data-element_type=\"widget\" data-e-type=\"widget\" data-widget_type=\"image-box.default\">\n\t\t\t\t\t<div class=\"elementor-image-box-wrapper\"><div class=\"elementor-image-box-content\"><h3 class=\"elementor-image-box-title\">Agencia habilitada<\/h3><p class=\"elementor-image-box-description\">Legajo 3725 EVT Disp. 0150\/97<\/p><\/div><\/div>\t\t\t\t<\/div>\n\t\t\t\t<\/div>\n\t\t\t\t<div class=\"elementor-element elementor-element-89f26cf elementor-widget elementor-widget-text-editor\" data-id=\"89f26cf\" data-element_type=\"widget\" data-e-type=\"widget\" data-widget_type=\"text-editor.default\">\n\t\t\t\t\t\t\t\t\t<p>Gestionamos todo tipo de servicios tur\u00edsticos, tales como: pasajes a\u00e9reos, hoteler\u00eda, traslados, excursiones, cruceros, alquiler de autos, programas de belleza y relax en spa, turismo deportivo, programas de esqu\u00ed, incentivos, congresos, etc., para turismo emisivo y receptivo. Por todas \u00e9stas ventajas estamos capacitados en ofrecer servicios de excelencia para nuestros clientes y pasajeros, asegurando la m\u00e1s conveniente relaci\u00f3n precio-calidad, que nos permite ser la mejor opci\u00f3n a la hora de pensar en su viaje.<\/p>\t\t\t\t\t\t\t\t<\/div>\n\t\t\t\t<div class=\"elementor-element elementor-element-45201cd elementor-widget elementor-widget-text-editor\" data-id=\"45201cd\" data-element_type=\"widget\" data-e-type=\"widget\" data-widget_type=\"text-editor.default\">\n\t\t\t\t\t\t\t\t\t<h2>Experiencia en Turismo<\/h2><p>Con una trayectoria comercial de m\u00e1s de 30 a\u00f1os dedicada a la actividad tur\u00edstica, se presenta ante ustedes para ofrecerles los servicios de Turismo Nacional e Internacional. Contamos con la licencia IATA para las relaciones internacionales, emisi\u00f3n propia de tickets con todas las compa\u00f1\u00edas a\u00e9reas, Hoteles y con los operadores terrestres. Somos representantes directos de los principales proveedores de nuestra actividad.<br \/>Paula Sanchez Hidalgo &#8211; Directora<\/p><h2>Corporate<\/h2><p>El exclusivo Plan de Cuentas Corporativas para empresas les brindar\u00e1 m\u00e1s beneficios a la hora de viajar con la incorporaci\u00f3n de millas, puntos y hasta cobros mensuales con cheques de acuerdo al monto consumido. La permanente oferta de pasajes gratuitos como consecuencia de la suma de puntaje con las compa\u00f1\u00edas a\u00e9reas, las cadenas de hoteles y tarjetas de cr\u00e9dito. Asesoramiento y tramitaci\u00f3n sin cargo !!<br \/>La Sra. Paula Sanchez Hidalgo recibi\u00f3 el\u00a01\u00ba Premio de Cuentas Corporativas, entregado por Aerolineas Argentinas.<\/p><h2>La Vidriera &#8211; Arquitectura y Decoraci\u00f3n<\/h2><p>Muestra de Arquitectura y Dise\u00f1o, organizada a beneficio de organizaciones sin fines de lucro.<br \/><a class=\"masInfoHome\" href=\"http:\/\/sanchezhidalgo.com\/la-vidriera.htm\">M\u00e1s Info<\/a><\/p><h2>Workshop y Ferias Internacionales<\/h2><p>FIT (Feria Internacional de Turismo) &#8211; Bs. As. &#8211; Argentina.<br \/>FITUR (Feria Internacional de Turismo) &#8211; Madrid &#8211; Espa\u00f1a.<br \/>La Cumbre &#8211; Florida &#8211; Usa.<br \/>Pow Wow &#8211; Usa.<br \/>ITB &#8211; Berl\u00edn &#8211; Alemania.<br \/>Market Travel &#8211; Londres &#8211; Inglaterra.<br \/>BTC (Bolsa Internacional de Congresos e Incentivos) &#8211; Florencia &#8211; Italia.<\/p><h2>Viajes de Incentivos y Congresos<\/h2><p><strong>Fuimos los primeros de Argentina en introducir el concepto de &#8220;Viaje de Incentivos&#8221;<\/strong><br \/>Adem\u00e1s organizamos congresos, ferias y eventos nacionales e internacionales. Esto nos ha puesto a la vanguardia de los requisitos de los viajeros que no s\u00f3lo lo hacen por placer, sino tambi\u00e9n por la constante necesidad de actualizarse en cualquier campo profesional (medicina, arquitectura, etc.).<\/p>\t\t\t\t\t\t\t\t<\/div>\n\t\t<div class=\"elementor-element elementor-element-38caea3 e-grid e-con-full e-con e-child\" data-id=\"38caea3\" data-element_type=\"container\" data-e-type=\"container\">\n\t\t\t\t<div class=\"elementor-element elementor-element-c94939b elementor-align-center elementor-widget elementor-widget-button\" data-id=\"c94939b\" data-element_type=\"widget\" data-e-type=\"widget\" data-widget_type=\"button.default\">\n\t\t\t\t\t\t\t\t\t\t<a class=\"elementor-button elementor-button-link elementor-size-sm\" href=\"https:\/\/sanchezhidalgo.tur.ar\/en\/contacto\/\">\n\t\t\t\t\t\t<span class=\"elementor-button-content-wrapper\">\n\t\t\t\t\t\t<span class=\"elementor-button-icon\">\n\t\t\t\t<svg aria-hidden=\"true\" class=\"e-font-icon-svg e-fab-wpforms\" viewbox=\"0 0 448 512\" xmlns=\"http:\/\/www.w3.org\/2000\/svg\"><path d=\"M448 75.2v361.7c0 24.3-19 43.2-43.2 43.2H43.2C19.3 480 0 461.4 0 436.8V75.2C0 51.1 18.8 32 43.2 32h361.7c24 0 43.1 18.8 43.1 43.2zm-37.3 361.6V75.2c0-3-2.6-5.8-5.8-5.8h-9.3L285.3 144 224 94.1 162.8 144 52.5 69.3h-9.3c-3.2 0-5.8 2.8-5.8 5.8v361.7c0 3 2.6 5.8 5.8 5.8h361.7c3.2.1 5.8-2.7 5.8-5.8zM150.2 186v37H76.7v-37h73.5zm0 74.4v37.3H76.7v-37.3h73.5zm11.1-147.3l54-43.7H96.8l64.5 43.7zm210 72.9v37h-196v-37h196zm0 74.4v37.3h-196v-37.3h196zm-84.6-147.3l64.5-43.7H232.8l53.9 43.7zM371.3 335v37.3h-99.4V335h99.4z\"><\/path><\/svg>\t\t\t<\/span>\n\t\t\t\t\t\t\t\t\t<span class=\"elementor-button-text\">Formulario de Contacto<\/span>\n\t\t\t\t\t<\/span>\n\t\t\t\t\t<\/a>\n\t\t\t\t\t\t\t\t<\/div>\n\t\t\t\t<div class=\"elementor-element elementor-element-1192dc8 elementor-align-center elementor-widget elementor-widget-button\" data-id=\"1192dc8\" data-element_type=\"widget\" data-e-type=\"widget\" data-widget_type=\"button.default\">\n\t\t\t\t\t\t\t\t\t\t<a class=\"elementor-button elementor-button-link elementor-size-sm\" href=\"https:\/\/sanchezhidalgo.tur.ar\/wp-content\/uploads\/sanchez_hidalgo_disposicion_habilitante.pdf\" target=\"_blank\" rel=\"nofollow\">\n\t\t\t\t\t\t<span class=\"elementor-button-content-wrapper\">\n\t\t\t\t\t\t<span class=\"elementor-button-icon\">\n\t\t\t\t<svg aria-hidden=\"true\" class=\"e-font-icon-svg e-fas-file-invoice\" viewbox=\"0 0 384 512\" xmlns=\"http:\/\/www.w3.org\/2000\/svg\"><path d=\"M288 256H96v64h192v-64zm89-151L279.1 7c-4.5-4.5-10.6-7-17-7H256v128h128v-6.1c0-6.3-2.5-12.4-7-16.9zm-153 31V0H24C10.7 0 0 10.7 0 24v464c0 13.3 10.7 24 24 24h336c13.3 0 24-10.7 24-24V160H248c-13.2 0-24-10.8-24-24zM64 72c0-4.42 3.58-8 8-8h80c4.42 0 8 3.58 8 8v16c0 4.42-3.58 8-8 8H72c-4.42 0-8-3.58-8-8V72zm0 64c0-4.42 3.58-8 8-8h80c4.42 0 8 3.58 8 8v16c0 4.42-3.58 8-8 8H72c-4.42 0-8-3.58-8-8v-16zm256 304c0 4.42-3.58 8-8 8h-80c-4.42 0-8-3.58-8-8v-16c0-4.42 3.58-8 8-8h80c4.42 0 8 3.58 8 8v16zm0-200v96c0 8.84-7.16 16-16 16H80c-8.84 0-16-7.16-16-16v-96c0-8.84 7.16-16 16-16h224c8.84 0 16 7.16 16 16z\"><\/path><\/svg>\t\t\t<\/span>\n\t\t\t\t\t\t\t\t\t<span class=\"elementor-button-text\">Disposici\u00f3n Habilitante<\/span>\n\t\t\t\t\t<\/span>\n\t\t\t\t\t<\/a>\n\t\t\t\t\t\t\t\t<\/div>\n\t\t\t\t<div class=\"elementor-element elementor-element-e9e128c elementor-align-center elementor-widget elementor-widget-button\" data-id=\"e9e128c\" data-element_type=\"widget\" data-e-type=\"widget\" data-widget_type=\"button.default\">\n\t\t\t\t\t\t\t\t\t\t<a class=\"elementor-button elementor-button-link elementor-size-sm\" href=\"https:\/\/www.argentina.gob.ar\/servicio\/presentar-una-denuncia-contra-una-agencia-de-viajes\" target=\"_blank\" rel=\"nofollow\">\n\t\t\t\t\t\t<span class=\"elementor-button-content-wrapper\">\n\t\t\t\t\t\t<span class=\"elementor-button-icon\">\n\t\t\t\t<svg aria-hidden=\"true\" class=\"e-font-icon-svg e-fas-exclamation-circle\" viewbox=\"0 0 512 512\" xmlns=\"http:\/\/www.w3.org\/2000\/svg\"><path d=\"M504 256c0 136.997-111.043 248-248 248S8 392.997 8 256C8 119.083 119.043 8 256 8s248 111.083 248 248zm-248 50c-25.405 0-46 20.595-46 46s20.595 46 46 46 46-20.595 46-46-20.595-46-46-46zm-43.673-165.346l7.418 136c.347 6.364 5.609 11.346 11.982 11.346h48.546c6.373 0 11.635-4.982 11.982-11.346l7.418-136c.375-6.874-5.098-12.654-11.982-12.654h-63.383c-6.884 0-12.356 5.78-11.981 12.654z\"><\/path><\/svg>\t\t\t<\/span>\n\t\t\t\t\t\t\t\t\t<span class=\"elementor-button-text\">Denunciar Una Agencia<\/span>\n\t\t\t\t\t<\/span>\n\t\t\t\t\t<\/a>\n\t\t\t\t\t\t\t\t<\/div>\n\t\t\t\t<\/div>\n\t\t\t\t\t<\/div>\n\t\t\t\t<\/div>\n\t\t\t\t<\/div>","protected":false},"excerpt":{"rendered":"<p>https:\/\/sanchezhidalgo.tur.ar\/contenidos\/SHViajes-Video.mp4 Sanchez Hidalgo Viajes SRL &#8211; Leg. 3725 Informaci\u00f3n de la agencia Razon Social: Sanchez Hidalgo Viajes SRL Bajo denominaci\u00f3n comercial Sanchez Hidalgo Viajes SRL Agencia habilitada Legajo 3725 EVT Disp. 0150\/97 Gestionamos todo tipo de servicios tur\u00edsticos, tales como: pasajes a\u00e9reos, hoteler\u00eda, traslados, excursiones, cruceros, alquiler de autos, programas de belleza y relax en [&hellip;]<\/p>\n","protected":false},"author":1,"featured_media":0,"parent":0,"menu_order":0,"comment_status":"closed","ping_status":"closed","template":"","meta":{"inline_featured_image":false,"ocean_post_layout":"","ocean_both_sidebars_style":"","ocean_both_sidebars_content_width":0,"ocean_both_sidebars_sidebars_width":0,"ocean_sidebar":"","ocean_second_sidebar":"","ocean_disable_margins":"enable","ocean_add_body_class":"","ocean_shortcode_before_top_bar":"","ocean_shortcode_after_top_bar":"","ocean_shortcode_before_header":"","ocean_shortcode_after_header":"","ocean_has_shortcode":"","ocean_shortcode_after_title":"","ocean_shortcode_before_footer_widgets":"","ocean_shortcode_after_footer_widgets":"","ocean_shortcode_before_footer_bottom":"","ocean_shortcode_after_footer_bottom":"","ocean_display_top_bar":"default","ocean_display_header":"default","ocean_header_style":"","ocean_center_header_left_menu":"","ocean_custom_header_template":"","ocean_custom_logo":0,"ocean_custom_retina_logo":0,"ocean_custom_logo_max_width":0,"ocean_custom_logo_tablet_max_width":0,"ocean_custom_logo_mobile_max_width":0,"ocean_custom_logo_max_height":0,"ocean_custom_logo_tablet_max_height":0,"ocean_custom_logo_mobile_max_height":0,"ocean_header_custom_menu":"","ocean_menu_typo_font_family":"","ocean_menu_typo_font_subset":"","ocean_menu_typo_font_size":0,"ocean_menu_typo_font_size_tablet":0,"ocean_menu_typo_font_size_mobile":0,"ocean_menu_typo_font_size_unit":"px","ocean_menu_typo_font_weight":"","ocean_menu_typo_font_weight_tablet":"","ocean_menu_typo_font_weight_mobile":"","ocean_menu_typo_transform":"","ocean_menu_typo_transform_tablet":"","ocean_menu_typo_transform_mobile":"","ocean_menu_typo_line_height":0,"ocean_menu_typo_line_height_tablet":0,"ocean_menu_typo_line_height_mobile":0,"ocean_menu_typo_line_height_unit":"","ocean_menu_typo_spacing":0,"ocean_menu_typo_spacing_tablet":0,"ocean_menu_typo_spacing_mobile":0,"ocean_menu_typo_spacing_unit":"","ocean_menu_link_color":"","ocean_menu_link_color_hover":"","ocean_menu_link_color_active":"","ocean_menu_link_background":"","ocean_menu_link_hover_background":"","ocean_menu_link_active_background":"","ocean_menu_social_links_bg":"","ocean_menu_social_hover_links_bg":"","ocean_menu_social_links_color":"","ocean_menu_social_hover_links_color":"","ocean_disable_title":"default","ocean_disable_heading":"default","ocean_post_title":"","ocean_post_subheading":"","ocean_post_title_style":"","ocean_post_title_background_color":"","ocean_post_title_background":0,"ocean_post_title_bg_image_position":"","ocean_post_title_bg_image_attachment":"","ocean_post_title_bg_image_repeat":"","ocean_post_title_bg_image_size":"","ocean_post_title_height":0,"ocean_post_title_bg_overlay":0.5,"ocean_post_title_bg_overlay_color":"","ocean_disable_breadcrumbs":"default","ocean_breadcrumbs_color":"","ocean_breadcrumbs_separator_color":"","ocean_breadcrumbs_links_color":"","ocean_breadcrumbs_links_hover_color":"","ocean_display_footer_widgets":"default","ocean_display_footer_bottom":"default","ocean_custom_footer_template":"","footnotes":""},"class_list":["post-213","page","type-page","status-publish","hentry","entry","owp-thumbs-layout-horizontal","owp-btn-normal","owp-tabs-layout-section","has-no-thumbnails","has-product-nav"],"_links":{"self":[{"href":"https:\/\/sanchezhidalgo.tur.ar\/en\/wp-json\/wp\/v2\/pages\/213","targetHints":{"allow":["GET"]}}],"collection":[{"href":"https:\/\/sanchezhidalgo.tur.ar\/en\/wp-json\/wp\/v2\/pages"}],"about":[{"href":"https:\/\/sanchezhidalgo.tur.ar\/en\/wp-json\/wp\/v2\/types\/page"}],"author":[{"embeddable":true,"href":"https:\/\/sanchezhidalgo.tur.ar\/en\/wp-json\/wp\/v2\/users\/1"}],"replies":[{"embeddable":true,"href":"https:\/\/sanchezhidalgo.tur.ar\/en\/wp-json\/wp\/v2\/comments?post=213"}],"version-history":[{"count":16,"href":"https:\/\/sanchezhidalgo.tur.ar\/en\/wp-json\/wp\/v2\/pages\/213\/revisions"}],"predecessor-version":[{"id":1334,"href":"https:\/\/sanchezhidalgo.tur.ar\/en\/wp-json\/wp\/v2\/pages\/213\/revisions\/1334"}],"wp:attachment":[{"href":"https:\/\/sanchezhidalgo.tur.ar\/en\/wp-json\/wp\/v2\/media?parent=213"}],"curies":[{"name":"wp","href":"https:\/\/api.w.org\/{rel}","templated":true}]}}