{"id":220,"date":"2024-10-03T22:24:42","date_gmt":"2024-10-04T01:24:42","guid":{"rendered":"https:\/\/sanchezhidalgo.tur.ar\/shvia\/?page_id=220"},"modified":"2024-11-06T12:15:14","modified_gmt":"2024-11-06T15:15:14","slug":"servicio","status":"publish","type":"page","link":"https:\/\/sanchezhidalgo.tur.ar\/en\/servicio\/","title":{"rendered":"Servicios"},"content":{"rendered":"<h1 class=\"wp-block-heading\">Servicios<\/h1>\n\n\n\n<h2 class=\"wp-block-heading\">Importante: DNI digital &#8211; \u00fanico DNI v\u00e1lido para viajar a Sudam\u00e9rica.<\/h2>\n\n\n\n<p>Estimados,<br>Les recordamos que a partir del 1 de noviembre, el DNI digital ser\u00e1 el \u00fanico DNI v\u00e1lido para viajar a paises de Sudam\u00e9rica.<br>No ser\u00e1n aceptados los DNI de argentinos y extranjeros que hayan sido confeccionados manualmente, como ser DNI de tapa verde o celeste, o bord\u00f3 en el caso de extranjeros.<br>Seg\u00fan la resoluci\u00f3n ReNaPer N\u00b0 480\/2016, a partir de la mencionada fecha s\u00f3lo ser\u00e1n admitidos para salir del pa\u00eds los DNI personalizados desde f\u00e1brica con foto, firma e impresiones digitales, y el pasaporte.<br>Tener en cuenta que las constancias de DNI en tr\u00e1mite no ser\u00e1n aceptados como documentos de viaje.<\/p>\n\n\n\n<h2 class=\"wp-block-heading\">\u00a1Atenci\u00f3n! DNI Tarjeta Obligatorio desde 01 Enero 2015<\/h2>\n\n\n\n<p>El nuevo Documento Nacional de Identidad para todos los ciudadanos argentinos y para aquellos residentes extranjeros cuya situaci\u00f3n migratoria los habilite, presenta un formato pl\u00e1stico con distintos elementos de seguridad que permiten garantizar su legitimidad. Mediante el uso de modernas tecnolog\u00edas en materia de seguridad documentaria a nivel mundial se optimiz\u00f3 su calidad y seguridad. Las innovaciones fueron introducidas por el Decreto 1501\/2009 y las Resoluciones RNP N\u00b0 585\/2012 y N\u00b0 797\/2012.<br><a href=\"http:\/\/www.nuevodni.gov.ar\/inicio\/index.php\" target=\"_blank\" rel=\"noreferrer noopener\">M\u00e1s info<\/a><\/p>\n\n\n\n<h2 class=\"wp-block-heading\">Fiebre Amarilla<\/h2>\n\n\n\n<p>En relaci\u00f3n a los diversos comunicados que se encuentran circulando respecto a la obligatoriedad de presentar el certificado de vacunaci\u00f3n contra la fiebre amarilla como requisito de ingreso para algunos de los principales destinos, informamos a Ustedes que, de acuerdo a la informaci\u00f3n recabada por esta Instituci\u00f3n, actualmente se encuentran exigiendo dicho certificado los siguientes pa\u00edses&#8230;<br><a href=\"https:\/\/sanchezhidalgo.tur.ar\/en\/fiebre-amarilla.htm\/\">M\u00e1s info<\/a><\/p>\n\n\n\n<h2 class=\"wp-block-heading\">Extracciones de divisas de Cajeros Autom\u00e1ticos en el exterior<\/h2>\n\n\n\n<p>Si&nbsp;viaj\u00e1s&nbsp;al exterior te contamos que a partir el 03.04.12 podr\u00e1s continuar realizando extracciones de moneda extranjera en Cajeros Autom\u00e1ticos, debitando el importe de una Caja de Ahorros en d\u00f3lares.<br><a href=\"https:\/\/sanchezhidalgo.tur.ar\/en\/extraciones-cajeros-automaticos.htm\/\">M\u00e1s info<\/a><\/p>\n\n\n\n<h2 class=\"wp-block-heading\">Nuevo Sistema Biom\u00e9trico de Identificaci\u00f3n Personal en EZE y AEP<\/h2>\n\n\n\n<p>Informamos que la Direcci\u00f3n Nacional de Migraciones comunic\u00f3 a todas las Compa\u00f1\u00edas A\u00e9reas que a partir del 18 de Abril de 2012, implementar\u00e1 un nuevo Sistema Biom\u00e9trico de Identificaci\u00f3n Personal que reemplaza a la Tarjeta de Entrada y Salida (TES), en EZE y AEP, tanto en la salida como en el ingreso al pa\u00eds.<br><a href=\"https:\/\/sanchezhidalgo.tur.ar\/en\/sistema-biometrico.htm\/\">M\u00e1s info<\/a><\/p>\n\n\n\n<h2 class=\"wp-block-heading\">Assist Card<\/h2>\n\n\n\n<p>Encuentre todo lo que puede hacer&nbsp;<strong>Assist Card<\/strong>&nbsp;para que Ud. viaje seguro.<br><a href=\"https:\/\/sanchezhidalgo.tur.ar\/en\/assist-card.htm\/\">M\u00e1s info<\/a><\/p>\n\n\n\n<h2 class=\"wp-block-heading\">Millas y Premios<\/h2>\n\n\n\n<p>La permanente oferta de pasajes gratuitos como consecuencia de la suma de millas con las compa\u00f1\u00edas a\u00e9reas, las cadenas de hoteles nacionales e internacionales, alquiler de autom\u00f3viles y servicios; as\u00ed tambi\u00e9n como la incorporaci\u00f3n de puntos con las tarjetas de cr\u00e9ditos, le brindar\u00e1 innumerables beneficios para Ud. (Individual) y\/o su empresa (Corporate) a la hora de programar su pr\u00f3ximo viaje.<br><a href=\"https:\/\/sanchezhidalgo.tur.ar\/en\/millas-premios.htm\/\">M\u00e1s info<\/a><\/p>\n\n\n\n<h2 class=\"wp-block-heading\">Preparaci\u00f3n del Viaje<\/h2>\n\n\n\n<p>Recomendaciones de car\u00e1cter general para los ciudadanos argentinos que realizen viajes al exterior en calidad de turistas.<br><a href=\"https:\/\/sanchezhidalgo.tur.ar\/en\/preparacion-viaje.htm\/\">M\u00e1s info<\/a><\/p>\n\n\n\n<h2 class=\"wp-block-heading\">Ruta 0<\/h2>\n\n\n\n<p>Portal web, que permite medir distancias entre ciudades dentro de nuestro pais.<br><a href=\"http:\/\/www.ruta0.com\/\" target=\"_blank\" rel=\"noreferrer noopener\">M\u00e1s info<\/a><\/p>\n\n\n\n<h2 class=\"wp-block-heading\">Tarjeta Migratoria<\/h2>\n\n\n\n<p>Informaci\u00f3n \u00fatil para el viajero. Permite imprimir su tarjeta migratoria.<br><a href=\"http:\/\/www.migraciones.gov.ar\/accesible\/templates\/tarjeta_migratoria\/tarjeta_migratoria.htm\" target=\"_blank\" rel=\"noreferrer noopener\">M\u00e1s info<\/a><\/p>\n\n\n\n<h2 class=\"wp-block-heading\">Aeropuertos<\/h2>\n\n\n\n<p>Informaci\u00f3n sobre aeropuertos de todo el mundo.<br><a href=\"http:\/\/www.amadeus.net\/home\/airports\/es\/index.htm\" target=\"_blank\" rel=\"noreferrer noopener\">M\u00e1s info<\/a><\/p>\n\n\n\n<h2 class=\"wp-block-heading\">El Clima<\/h2>\n\n\n\n<p>Informes y mapas clim\u00e1ticos locales y mundiales.<br><a href=\"http:\/\/espanol.weather.com\/\" target=\"_blank\" rel=\"noreferrer noopener\">M\u00e1s info<\/a><\/p>\n\n\n\n<h2 class=\"wp-block-heading\">Conversor de Divisas<\/h2>\n\n\n\n<p>Completo conversor de divisas mundiales.<br><a href=\"http:\/\/www.xe.com\/\" target=\"_blank\" rel=\"noreferrer noopener\">M\u00e1s info<\/a><\/p>","protected":false},"excerpt":{"rendered":"<p>Servicios Importante: DNI digital &#8211; \u00fanico DNI v\u00e1lido para viajar a Sudam\u00e9rica. Estimados,Les recordamos que a partir del 1 de noviembre, el DNI digital ser\u00e1 el \u00fanico DNI v\u00e1lido para viajar a paises de Sudam\u00e9rica.No ser\u00e1n aceptados los DNI de argentinos y extranjeros que hayan sido confeccionados manualmente, como ser DNI de tapa verde o [&hellip;]<\/p>\n","protected":false},"author":1,"featured_media":0,"parent":0,"menu_order":0,"comment_status":"closed","ping_status":"closed","template":"","meta":{"inline_featured_image":false,"ocean_post_layout":"","ocean_both_sidebars_style":"","ocean_both_sidebars_content_width":0,"ocean_both_sidebars_sidebars_width":0,"ocean_sidebar":"","ocean_second_sidebar":"","ocean_disable_margins":"enable","ocean_add_body_class":"","ocean_shortcode_before_top_bar":"","ocean_shortcode_after_top_bar":"","ocean_shortcode_before_header":"","ocean_shortcode_after_header":"","ocean_has_shortcode":"","ocean_shortcode_after_title":"","ocean_shortcode_before_footer_widgets":"","ocean_shortcode_after_footer_widgets":"","ocean_shortcode_before_footer_bottom":"","ocean_shortcode_after_footer_bottom":"","ocean_display_top_bar":"default","ocean_display_header":"default","ocean_header_style":"","ocean_center_header_left_menu":"","ocean_custom_header_template":"","ocean_custom_logo":0,"ocean_custom_retina_logo":0,"ocean_custom_logo_max_width":0,"ocean_custom_logo_tablet_max_width":0,"ocean_custom_logo_mobile_max_width":0,"ocean_custom_logo_max_height":0,"ocean_custom_logo_tablet_max_height":0,"ocean_custom_logo_mobile_max_height":0,"ocean_header_custom_menu":"","ocean_menu_typo_font_family":"","ocean_menu_typo_font_subset":"","ocean_menu_typo_font_size":0,"ocean_menu_typo_font_size_tablet":0,"ocean_menu_typo_font_size_mobile":0,"ocean_menu_typo_font_size_unit":"px","ocean_menu_typo_font_weight":"","ocean_menu_typo_font_weight_tablet":"","ocean_menu_typo_font_weight_mobile":"","ocean_menu_typo_transform":"","ocean_menu_typo_transform_tablet":"","ocean_menu_typo_transform_mobile":"","ocean_menu_typo_line_height":0,"ocean_menu_typo_line_height_tablet":0,"ocean_menu_typo_line_height_mobile":0,"ocean_menu_typo_line_height_unit":"","ocean_menu_typo_spacing":0,"ocean_menu_typo_spacing_tablet":0,"ocean_menu_typo_spacing_mobile":0,"ocean_menu_typo_spacing_unit":"","ocean_menu_link_color":"","ocean_menu_link_color_hover":"","ocean_menu_link_color_active":"","ocean_menu_link_background":"","ocean_menu_link_hover_background":"","ocean_menu_link_active_background":"","ocean_menu_social_links_bg":"","ocean_menu_social_hover_links_bg":"","ocean_menu_social_links_color":"","ocean_menu_social_hover_links_color":"","ocean_disable_title":"default","ocean_disable_heading":"default","ocean_post_title":"","ocean_post_subheading":"","ocean_post_title_style":"","ocean_post_title_background_color":"","ocean_post_title_background":0,"ocean_post_title_bg_image_position":"","ocean_post_title_bg_image_attachment":"","ocean_post_title_bg_image_repeat":"","ocean_post_title_bg_image_size":"","ocean_post_title_height":0,"ocean_post_title_bg_overlay":0.5,"ocean_post_title_bg_overlay_color":"","ocean_disable_breadcrumbs":"default","ocean_breadcrumbs_color":"","ocean_breadcrumbs_separator_color":"","ocean_breadcrumbs_links_color":"","ocean_breadcrumbs_links_hover_color":"","ocean_display_footer_widgets":"default","ocean_display_footer_bottom":"default","ocean_custom_footer_template":"","footnotes":""},"class_list":["post-220","page","type-page","status-publish","hentry","entry","owp-thumbs-layout-horizontal","owp-btn-normal","owp-tabs-layout-section","has-no-thumbnails","has-product-nav"],"_links":{"self":[{"href":"https:\/\/sanchezhidalgo.tur.ar\/en\/wp-json\/wp\/v2\/pages\/220","targetHints":{"allow":["GET"]}}],"collection":[{"href":"https:\/\/sanchezhidalgo.tur.ar\/en\/wp-json\/wp\/v2\/pages"}],"about":[{"href":"https:\/\/sanchezhidalgo.tur.ar\/en\/wp-json\/wp\/v2\/types\/page"}],"author":[{"embeddable":true,"href":"https:\/\/sanchezhidalgo.tur.ar\/en\/wp-json\/wp\/v2\/users\/1"}],"replies":[{"embeddable":true,"href":"https:\/\/sanchezhidalgo.tur.ar\/en\/wp-json\/wp\/v2\/comments?post=220"}],"version-history":[{"count":2,"href":"https:\/\/sanchezhidalgo.tur.ar\/en\/wp-json\/wp\/v2\/pages\/220\/revisions"}],"predecessor-version":[{"id":1240,"href":"https:\/\/sanchezhidalgo.tur.ar\/en\/wp-json\/wp\/v2\/pages\/220\/revisions\/1240"}],"wp:attachment":[{"href":"https:\/\/sanchezhidalgo.tur.ar\/en\/wp-json\/wp\/v2\/media?parent=220"}],"curies":[{"name":"wp","href":"https:\/\/api.w.org\/{rel}","templated":true}]}}