{"id":1822,"date":"2026-01-03T12:26:28","date_gmt":"2026-01-03T15:26:28","guid":{"rendered":"https:\/\/sanchezhidalgo.tur.ar\/?post_type=product&#038;p=1822"},"modified":"2026-04-14T11:56:09","modified_gmt":"2026-04-14T14:56:09","slug":"escapada-a-ushuaia","status":"publish","type":"product","link":"https:\/\/sanchezhidalgo.tur.ar\/en\/viajes\/escapada-a-ushuaia\/","title":{"rendered":"Escapada a Ushuaia"},"content":{"rendered":"<div class=\"flex flex-col text-sm pb-25\">\n<section class=\"text-token-text-primary w-full focus:outline-none [--shadow-height:45px] has-data-writing-block:pointer-events-none has-data-writing-block:-mt-(--shadow-height) has-data-writing-block:pt-(--shadow-height) [&amp;:has([data-writing-block])&gt;*]:pointer-events-auto scroll-mt-[calc(var(--header-height)+min(200px,max(70px,20svh)))]\" dir=\"auto\" data-turn-id=\"request-WEB:734fb9d6-cfb9-4fad-820e-d73ebb662603-11\" data-testid=\"conversation-turn-24\" data-scroll-anchor=\"true\" data-turn=\"assistant\">\n<div class=\"text-base my-auto mx-auto pb-10 [--thread-content-margin:var(--thread-content-margin-xs,calc(var(--spacing)*4))] @w-sm\/main:[--thread-content-margin:var(--thread-content-margin-sm,calc(var(--spacing)*6))] @w-lg\/main:[--thread-content-margin:var(--thread-content-margin-lg,calc(var(--spacing)*16))] px-(--thread-content-margin)\">\n<div class=\"[--thread-content-max-width:40rem] @w-lg\/main:[--thread-content-max-width:48rem] mx-auto max-w-(--thread-content-max-width) flex-1 group\/turn-messages focus-visible:outline-hidden relative flex w-full min-w-0 flex-col agent-turn\">\n<div class=\"flex max-w-full flex-col gap-4 grow\">\n<div class=\"min-h-8 text-message relative flex w-full flex-col items-end gap-2 text-start break-words whitespace-normal outline-none keyboard-focused:focus-ring [.text-message+&amp;]:mt-1\" dir=\"auto\" data-message-author-role=\"assistant\" data-message-id=\"5686e810-c352-453e-8eec-7ad85eeffc6b\" data-message-model-slug=\"gpt-5-3\" data-turn-start-message=\"true\">\n<div class=\"flex w-full flex-col gap-1 empty:hidden\">\n<div class=\"markdown prose dark:prose-invert w-full wrap-break-word light markdown-new-styling\">\n<p data-start=\"57\" data-end=\"85\">\u2708\ufe0f <strong data-start=\"60\" data-end=\"83\">El paquete incluye:<\/strong><\/p>\n<p data-start=\"87\" data-end=\"295\">\u2714 A\u00e9reos desde Rosario (con conexi\u00f3n en Buenos Aires)<br data-start=\"140\" data-end=\"143\" \/>\ud83e\uddf3 Equipaje en bodega + carry on<br data-start=\"175\" data-end=\"178\" \/>\ud83c\udfe8 4 noches en Hotel Albatros 4\u2605 (pleno centro)<br data-start=\"225\" data-end=\"228\" \/>\ud83e\udd50 Desayuno diario<br data-start=\"246\" data-end=\"249\" \/>\ud83d\ude90 Traslados aeropuerto \/ hotel \/ aeropuerto<\/p>\n<p data-start=\"297\" data-end=\"318\">\ud83c\udf04 <strong data-start=\"300\" data-end=\"316\">Excursiones: <\/strong>servicio compartido con guias locales profesionales<\/p>\n<p data-start=\"320\" data-end=\"489\">\ud83c\udf3f Parque Nacional Tierra del Fuego (sin entrada)<br data-start=\"369\" data-end=\"372\" \/>\ud83d\ude82 Tren del Fin del Mundo en clase turista<br data-start=\"414\" data-end=\"417\" \/>\ud83c\udfd4 Lagos Escondido y Fagnano (sin almuerzo)<\/p>\n<p data-start=\"491\" data-end=\"544\">\ud83d\udcb5 <strong data-start=\"494\" data-end=\"528\">Precio por persona base doble:<\/strong><br data-start=\"528\" data-end=\"531\" \/>\ud83d\udc49 $ 1.750.000.-<\/p>\n<p data-start=\"546\" data-end=\"667\">\ud83d\udcb3 Consult\u00e1 financiaci\u00f3n en cuotas seg\u00fan tarjetas y bancos<\/p>\n<p data-start=\"674\" data-end=\"785\">\ud83d\udd38 Cupos limitados\u00a0<br data-start=\"722\" data-end=\"725\" \/>\ud83d\udccc Tarifas sujetas a disponibilidad<\/p>\n<\/div>\n<\/div>\n<\/div>\n<\/div>\n<\/div>\n<\/div>\n<\/section>\n<\/div>\n","protected":false},"excerpt":{"rendered":"<p><strong data-start=\"224\" data-end=\"276\">Escapate al Fin del Mundo y viv\u00ed una experiencia \u00fanica<\/strong><\/p>","protected":false},"featured_media":1932,"template":"","meta":{"inline_featured_image":false,"ocean_post_layout":"","ocean_both_sidebars_style":"","ocean_both_sidebars_content_width":0,"ocean_both_sidebars_sidebars_width":0,"ocean_sidebar":"","ocean_second_sidebar":"","ocean_disable_margins":"enable","ocean_add_body_class":"","ocean_shortcode_before_top_bar":"","ocean_shortcode_after_top_bar":"","ocean_shortcode_before_header":"","ocean_shortcode_after_header":"","ocean_has_shortcode":"","ocean_shortcode_after_title":"","ocean_shortcode_before_footer_widgets":"","ocean_shortcode_after_footer_widgets":"","ocean_shortcode_before_footer_bottom":"","ocean_shortcode_after_footer_bottom":"","ocean_display_top_bar":"default","ocean_display_header":"default","ocean_header_style":"","ocean_center_header_left_menu":"","ocean_custom_header_template":"","ocean_custom_logo":0,"ocean_custom_retina_logo":0,"ocean_custom_logo_max_width":0,"ocean_custom_logo_tablet_max_width":0,"ocean_custom_logo_mobile_max_width":0,"ocean_custom_logo_max_height":0,"ocean_custom_logo_tablet_max_height":0,"ocean_custom_logo_mobile_max_height":0,"ocean_header_custom_menu":"","ocean_menu_typo_font_family":"","ocean_menu_typo_font_subset":"","ocean_menu_typo_font_size":0,"ocean_menu_typo_font_size_tablet":0,"ocean_menu_typo_font_size_mobile":0,"ocean_menu_typo_font_size_unit":"px","ocean_menu_typo_font_weight":"","ocean_menu_typo_font_weight_tablet":"","ocean_menu_typo_font_weight_mobile":"","ocean_menu_typo_transform":"","ocean_menu_typo_transform_tablet":"","ocean_menu_typo_transform_mobile":"","ocean_menu_typo_line_height":0,"ocean_menu_typo_line_height_tablet":0,"ocean_menu_typo_line_height_mobile":0,"ocean_menu_typo_line_height_unit":"","ocean_menu_typo_spacing":0,"ocean_menu_typo_spacing_tablet":0,"ocean_menu_typo_spacing_mobile":0,"ocean_menu_typo_spacing_unit":"","ocean_menu_link_color":"","ocean_menu_link_color_hover":"","ocean_menu_link_color_active":"","ocean_menu_link_background":"","ocean_menu_link_hover_background":"","ocean_menu_link_active_background":"","ocean_menu_social_links_bg":"","ocean_menu_social_hover_links_bg":"","ocean_menu_social_links_color":"","ocean_menu_social_hover_links_color":"","ocean_disable_title":"default","ocean_disable_heading":"default","ocean_post_title":"","ocean_post_subheading":"","ocean_post_title_style":"","ocean_post_title_background_color":"","ocean_post_title_background":0,"ocean_post_title_bg_image_position":"","ocean_post_title_bg_image_attachment":"","ocean_post_title_bg_image_repeat":"","ocean_post_title_bg_image_size":"","ocean_post_title_height":0,"ocean_post_title_bg_overlay":0.5,"ocean_post_title_bg_overlay_color":"","ocean_disable_breadcrumbs":"default","ocean_breadcrumbs_color":"","ocean_breadcrumbs_separator_color":"","ocean_breadcrumbs_links_color":"","ocean_breadcrumbs_links_hover_color":"","ocean_display_footer_widgets":"default","ocean_display_footer_bottom":"default","ocean_custom_footer_template":""},"product_brand":[],"product_cat":[21,19],"product_tag":[33],"class_list":{"0":"post-1822","1":"product","2":"type-product","3":"status-publish","4":"has-post-thumbnail","6":"product_cat-experiencias","7":"product_cat-argentina-todo-el-territorio","8":"product_tag-nacional","10":"entry","11":"has-media","13":"first","14":"instock","15":"featured","16":"shipping-taxable","17":"purchasable","18":"product-type-simple","19":"has-product-nav","20":"col","21":"span_1_of_4","22":"owp-content-center","23":"owp-thumbs-layout-horizontal","24":"owp-btn-normal","25":"owp-tabs-layout-section","26":"has-no-thumbnails"},"_links":{"self":[{"href":"https:\/\/sanchezhidalgo.tur.ar\/en\/wp-json\/wp\/v2\/product\/1822","targetHints":{"allow":["GET"]}}],"collection":[{"href":"https:\/\/sanchezhidalgo.tur.ar\/en\/wp-json\/wp\/v2\/product"}],"about":[{"href":"https:\/\/sanchezhidalgo.tur.ar\/en\/wp-json\/wp\/v2\/types\/product"}],"wp:featuredmedia":[{"embeddable":true,"href":"https:\/\/sanchezhidalgo.tur.ar\/en\/wp-json\/wp\/v2\/media\/1932"}],"wp:attachment":[{"href":"https:\/\/sanchezhidalgo.tur.ar\/en\/wp-json\/wp\/v2\/media?parent=1822"}],"wp:term":[{"taxonomy":"product_brand","embeddable":true,"href":"https:\/\/sanchezhidalgo.tur.ar\/en\/wp-json\/wp\/v2\/product_brand?post=1822"},{"taxonomy":"product_cat","embeddable":true,"href":"https:\/\/sanchezhidalgo.tur.ar\/en\/wp-json\/wp\/v2\/product_cat?post=1822"},{"taxonomy":"product_tag","embeddable":true,"href":"https:\/\/sanchezhidalgo.tur.ar\/en\/wp-json\/wp\/v2\/product_tag?post=1822"}],"curies":[{"name":"wp","href":"https:\/\/api.w.org\/{rel}","templated":true}]}}