{"id":608,"date":"2024-10-19T08:37:26","date_gmt":"2024-10-19T11:37:26","guid":{"rendered":"https:\/\/sanchezhidalgo.tur.ar\/shvia\/?post_type=product&#038;p=608"},"modified":"2025-06-27T13:54:06","modified_gmt":"2025-06-27T16:54:06","slug":"caribe-2024-2025","status":"publish","type":"product","link":"https:\/\/sanchezhidalgo.tur.ar\/en\/viajes\/caribe-2024-2025\/","title":{"rendered":"Caribe : Escapadas al Para\u00edso"},"content":{"rendered":"<h3>Salidas Grupales e Individuales<\/h3>\n<p>Ya sea que prefieras la compa\u00f1\u00eda de un grupo o una experiencia personalizada, ofrecemos diversas fechas de salida adaptadas a tus necesidades y preferencias. Nuestros paquetes incluyen opciones de alojamiento en algunos de los resorts y hoteles m\u00e1s destacados del Caribe, para garantizarte el descanso y disfrute que mereces.<\/p>\n<h3>Opciones Flexibles de Alojamiento y Destinos<\/h3>\n<p>Consulta por otras alternativas de hoteles, destinos y fechas para personalizar tu viaje. Nuestros asesores est\u00e1n disponibles para brindarte informaci\u00f3n y recomendaciones, ayud\u00e1ndote a dise\u00f1ar la experiencia caribe\u00f1a perfecta.<\/p>","protected":false},"excerpt":{"rendered":"<p>Opciones de salidas grupales e individuales, momentos inolvidables en los destinos m\u00e1s paradis\u00edacos.<\/p>","protected":false},"featured_media":1153,"template":"","meta":{"inline_featured_image":false,"ocean_post_layout":"","ocean_both_sidebars_style":"","ocean_both_sidebars_content_width":0,"ocean_both_sidebars_sidebars_width":0,"ocean_sidebar":"0","ocean_second_sidebar":"0","ocean_disable_margins":"enable","ocean_add_body_class":"","ocean_shortcode_before_top_bar":"","ocean_shortcode_after_top_bar":"","ocean_shortcode_before_header":"","ocean_shortcode_after_header":"","ocean_has_shortcode":"","ocean_shortcode_after_title":"","ocean_shortcode_before_footer_widgets":"","ocean_shortcode_after_footer_widgets":"","ocean_shortcode_before_footer_bottom":"","ocean_shortcode_after_footer_bottom":"","ocean_display_top_bar":"default","ocean_display_header":"default","ocean_header_style":"","ocean_center_header_left_menu":"0","ocean_custom_header_template":"0","ocean_custom_logo":0,"ocean_custom_retina_logo":0,"ocean_custom_logo_max_width":0,"ocean_custom_logo_tablet_max_width":0,"ocean_custom_logo_mobile_max_width":0,"ocean_custom_logo_max_height":0,"ocean_custom_logo_tablet_max_height":0,"ocean_custom_logo_mobile_max_height":0,"ocean_header_custom_menu":"0","ocean_menu_typo_font_family":"0","ocean_menu_typo_font_subset":"","ocean_menu_typo_font_size":0,"ocean_menu_typo_font_size_tablet":0,"ocean_menu_typo_font_size_mobile":0,"ocean_menu_typo_font_size_unit":"px","ocean_menu_typo_font_weight":"","ocean_menu_typo_font_weight_tablet":"","ocean_menu_typo_font_weight_mobile":"","ocean_menu_typo_transform":"","ocean_menu_typo_transform_tablet":"","ocean_menu_typo_transform_mobile":"","ocean_menu_typo_line_height":0,"ocean_menu_typo_line_height_tablet":0,"ocean_menu_typo_line_height_mobile":0,"ocean_menu_typo_line_height_unit":"","ocean_menu_typo_spacing":0,"ocean_menu_typo_spacing_tablet":0,"ocean_menu_typo_spacing_mobile":0,"ocean_menu_typo_spacing_unit":"","ocean_menu_link_color":"","ocean_menu_link_color_hover":"","ocean_menu_link_color_active":"","ocean_menu_link_background":"","ocean_menu_link_hover_background":"","ocean_menu_link_active_background":"","ocean_menu_social_links_bg":"","ocean_menu_social_hover_links_bg":"","ocean_menu_social_links_color":"","ocean_menu_social_hover_links_color":"","ocean_disable_title":"default","ocean_disable_heading":"default","ocean_post_title":"","ocean_post_subheading":"","ocean_post_title_style":"","ocean_post_title_background_color":"","ocean_post_title_background":0,"ocean_post_title_bg_image_position":"","ocean_post_title_bg_image_attachment":"","ocean_post_title_bg_image_repeat":"","ocean_post_title_bg_image_size":"","ocean_post_title_height":0,"ocean_post_title_bg_overlay":0.5,"ocean_post_title_bg_overlay_color":"","ocean_disable_breadcrumbs":"default","ocean_breadcrumbs_color":"","ocean_breadcrumbs_separator_color":"","ocean_breadcrumbs_links_color":"","ocean_breadcrumbs_links_hover_color":"","ocean_display_footer_widgets":"default","ocean_display_footer_bottom":"default","ocean_custom_footer_template":"0"},"product_brand":[],"product_cat":[18],"product_tag":[34],"class_list":{"0":"post-608","1":"product","2":"type-product","3":"status-publish","4":"has-post-thumbnail","6":"product_cat-brasil-caribe-mexico-republica-dominicana","7":"product_tag-internacional","9":"entry","10":"has-media","12":"first","13":"instock","14":"shipping-taxable","15":"product-type-simple","16":"has-product-nav","17":"col","18":"span_1_of_4","19":"owp-content-center","20":"owp-thumbs-layout-horizontal","21":"owp-btn-normal","22":"owp-tabs-layout-section","23":"has-no-thumbnails"},"_links":{"self":[{"href":"https:\/\/sanchezhidalgo.tur.ar\/en\/wp-json\/wp\/v2\/product\/608","targetHints":{"allow":["GET"]}}],"collection":[{"href":"https:\/\/sanchezhidalgo.tur.ar\/en\/wp-json\/wp\/v2\/product"}],"about":[{"href":"https:\/\/sanchezhidalgo.tur.ar\/en\/wp-json\/wp\/v2\/types\/product"}],"wp:featuredmedia":[{"embeddable":true,"href":"https:\/\/sanchezhidalgo.tur.ar\/en\/wp-json\/wp\/v2\/media\/1153"}],"wp:attachment":[{"href":"https:\/\/sanchezhidalgo.tur.ar\/en\/wp-json\/wp\/v2\/media?parent=608"}],"wp:term":[{"taxonomy":"product_brand","embeddable":true,"href":"https:\/\/sanchezhidalgo.tur.ar\/en\/wp-json\/wp\/v2\/product_brand?post=608"},{"taxonomy":"product_cat","embeddable":true,"href":"https:\/\/sanchezhidalgo.tur.ar\/en\/wp-json\/wp\/v2\/product_cat?post=608"},{"taxonomy":"product_tag","embeddable":true,"href":"https:\/\/sanchezhidalgo.tur.ar\/en\/wp-json\/wp\/v2\/product_tag?post=608"}],"curies":[{"name":"wp","href":"https:\/\/api.w.org\/{rel}","templated":true}]}}