{"id":612,"date":"2024-10-19T08:44:09","date_gmt":"2024-10-19T11:44:09","guid":{"rendered":"https:\/\/sanchezhidalgo.tur.ar\/shvia\/?post_type=product&#038;p=612"},"modified":"2024-10-30T11:05:40","modified_gmt":"2024-10-30T14:05:40","slug":"europa-en-privado","status":"publish","type":"product","link":"https:\/\/sanchezhidalgo.tur.ar\/en\/viajes\/europa-en-privado\/","title":{"rendered":"Europa en Privado: Tu Experiencia Exclusiva"},"content":{"rendered":"<h3>Viajes Privados a tu Medida<\/h3>\n<p>Adem\u00e1s de nuestros circuitos regulares, contamos con una <strong>amplia oferta de paquetes privados<\/strong> con salidas diarias. Descubre la belleza de:<\/p>\n<ul>\n<li><strong>Europa del Este<\/strong><\/li>\n<li><strong>Bulgaria y Rumania<\/strong><\/li>\n<li><strong>Croacia<\/strong><\/li>\n<li><strong>Escandinavia<\/strong><\/li>\n<li><strong>Europa Central<\/strong><\/li>\n<li><strong>Suiza<\/strong><\/li>\n<\/ul>\n<p>Cada paquete est\u00e1 dise\u00f1ado para ofrecerte la flexibilidad y el confort que mereces, permiti\u00e9ndote disfrutar de una experiencia \u00fanica y memorable.<\/p>\n<h3>Ver Programas<\/h3>\n<p>Consulta todos nuestros programas y descubre la variedad de itinerarios y opciones que tenemos para ti en el siguiente enlace:<\/p>\n<p><a href=\"https:\/\/satotours.eu\/oferta\/viajes-en-privado\/\" target=\"_new\" rel=\"noopener\">Ver Programas<\/a><\/p>\n<h3>\u00bfPor Qu\u00e9 Elegir un Viaje Privado?<\/h3>\n<ul>\n<li><strong>Personalizaci\u00f3n Total<\/strong>: Crea un itinerario que se ajuste a tus intereses y deseos.<\/li>\n<li><strong>Gu\u00edas Exclusivos<\/strong>: Acompa\u00f1amiento por gu\u00edas expertos que brindan atenci\u00f3n individualizada.<\/li>\n<li><strong>Comodidad y Flexibilidad<\/strong>: Viaja a tu ritmo, eligiendo cu\u00e1ndo y d\u00f3nde detenerte.<\/li>\n<\/ul>\n<h3><strong>Solicita M\u00e1s Informaci\u00f3n<\/strong><\/h3>\n<p>Cont\u00e1ctanos para m\u00e1s detalles sobre nuestras ofertas y comienza a planificar el viaje de tus sue\u00f1os en Europa. \u00a1La aventura te espera!<\/p>\n<p>&nbsp;<\/p>","protected":false},"excerpt":{"rendered":"<p>EXCLUSIVIDAD Y UN SERVICIO PERSONALIZADO, Europa del Este, Bulgaria y Rumania, Croacia, Escandinavia, Europa Central y Suiza<\/p>","protected":false},"featured_media":1163,"template":"","meta":{"inline_featured_image":false,"ocean_post_layout":"","ocean_both_sidebars_style":"","ocean_both_sidebars_content_width":0,"ocean_both_sidebars_sidebars_width":0,"ocean_sidebar":"0","ocean_second_sidebar":"0","ocean_disable_margins":"enable","ocean_add_body_class":"","ocean_shortcode_before_top_bar":"","ocean_shortcode_after_top_bar":"","ocean_shortcode_before_header":"","ocean_shortcode_after_header":"","ocean_has_shortcode":"","ocean_shortcode_after_title":"","ocean_shortcode_before_footer_widgets":"","ocean_shortcode_after_footer_widgets":"","ocean_shortcode_before_footer_bottom":"","ocean_shortcode_after_footer_bottom":"","ocean_display_top_bar":"default","ocean_display_header":"default","ocean_header_style":"","ocean_center_header_left_menu":"0","ocean_custom_header_template":"0","ocean_custom_logo":0,"ocean_custom_retina_logo":0,"ocean_custom_logo_max_width":0,"ocean_custom_logo_tablet_max_width":0,"ocean_custom_logo_mobile_max_width":0,"ocean_custom_logo_max_height":0,"ocean_custom_logo_tablet_max_height":0,"ocean_custom_logo_mobile_max_height":0,"ocean_header_custom_menu":"0","ocean_menu_typo_font_family":"0","ocean_menu_typo_font_subset":"","ocean_menu_typo_font_size":0,"ocean_menu_typo_font_size_tablet":0,"ocean_menu_typo_font_size_mobile":0,"ocean_menu_typo_font_size_unit":"px","ocean_menu_typo_font_weight":"","ocean_menu_typo_font_weight_tablet":"","ocean_menu_typo_font_weight_mobile":"","ocean_menu_typo_transform":"","ocean_menu_typo_transform_tablet":"","ocean_menu_typo_transform_mobile":"","ocean_menu_typo_line_height":0,"ocean_menu_typo_line_height_tablet":0,"ocean_menu_typo_line_height_mobile":0,"ocean_menu_typo_line_height_unit":"","ocean_menu_typo_spacing":0,"ocean_menu_typo_spacing_tablet":0,"ocean_menu_typo_spacing_mobile":0,"ocean_menu_typo_spacing_unit":"","ocean_menu_link_color":"","ocean_menu_link_color_hover":"","ocean_menu_link_color_active":"","ocean_menu_link_background":"","ocean_menu_link_hover_background":"","ocean_menu_link_active_background":"","ocean_menu_social_links_bg":"","ocean_menu_social_hover_links_bg":"","ocean_menu_social_links_color":"","ocean_menu_social_hover_links_color":"","ocean_disable_title":"default","ocean_disable_heading":"default","ocean_post_title":"","ocean_post_subheading":"","ocean_post_title_style":"","ocean_post_title_background_color":"","ocean_post_title_background":0,"ocean_post_title_bg_image_position":"","ocean_post_title_bg_image_attachment":"","ocean_post_title_bg_image_repeat":"","ocean_post_title_bg_image_size":"","ocean_post_title_height":0,"ocean_post_title_bg_overlay":0.5,"ocean_post_title_bg_overlay_color":"","ocean_disable_breadcrumbs":"default","ocean_breadcrumbs_color":"","ocean_breadcrumbs_separator_color":"","ocean_breadcrumbs_links_color":"","ocean_breadcrumbs_links_hover_color":"","ocean_display_footer_widgets":"default","ocean_display_footer_bottom":"default","ocean_custom_footer_template":"0"},"product_brand":[],"product_cat":[48],"product_tag":[34],"class_list":{"0":"post-612","1":"product","2":"type-product","3":"status-publish","4":"has-post-thumbnail","6":"product_cat-europa","7":"product_tag-internacional","8":"pa_destino-bulgaria","9":"pa_destino-croacia","10":"pa_destino-escandinavia","11":"pa_destino-europa-central","12":"pa_destino-europa-del-este","13":"pa_destino-rumania","14":"pa_destino-suiza","16":"entry","17":"has-media","19":"first","20":"instock","21":"shipping-taxable","22":"product-type-simple","23":"has-product-nav","24":"col","25":"span_1_of_4","26":"owp-content-center","27":"owp-thumbs-layout-horizontal","28":"owp-btn-normal","29":"owp-tabs-layout-section","30":"has-no-thumbnails"},"_links":{"self":[{"href":"https:\/\/sanchezhidalgo.tur.ar\/en\/wp-json\/wp\/v2\/product\/612","targetHints":{"allow":["GET"]}}],"collection":[{"href":"https:\/\/sanchezhidalgo.tur.ar\/en\/wp-json\/wp\/v2\/product"}],"about":[{"href":"https:\/\/sanchezhidalgo.tur.ar\/en\/wp-json\/wp\/v2\/types\/product"}],"wp:featuredmedia":[{"embeddable":true,"href":"https:\/\/sanchezhidalgo.tur.ar\/en\/wp-json\/wp\/v2\/media\/1163"}],"wp:attachment":[{"href":"https:\/\/sanchezhidalgo.tur.ar\/en\/wp-json\/wp\/v2\/media?parent=612"}],"wp:term":[{"taxonomy":"product_brand","embeddable":true,"href":"https:\/\/sanchezhidalgo.tur.ar\/en\/wp-json\/wp\/v2\/product_brand?post=612"},{"taxonomy":"product_cat","embeddable":true,"href":"https:\/\/sanchezhidalgo.tur.ar\/en\/wp-json\/wp\/v2\/product_cat?post=612"},{"taxonomy":"product_tag","embeddable":true,"href":"https:\/\/sanchezhidalgo.tur.ar\/en\/wp-json\/wp\/v2\/product_tag?post=612"}],"curies":[{"name":"wp","href":"https:\/\/api.w.org\/{rel}","templated":true}]}}