{"id":621,"date":"2024-10-19T08:58:05","date_gmt":"2024-10-19T11:58:05","guid":{"rendered":"https:\/\/sanchezhidalgo.tur.ar\/shvia\/?post_type=product&#038;p=621"},"modified":"2025-06-27T13:49:47","modified_gmt":"2025-06-27T16:49:47","slug":"vietnam-camboya-y-tailandia","status":"publish","type":"product","link":"https:\/\/sanchezhidalgo.tur.ar\/en\/viajes\/vietnam-camboya-y-tailandia\/","title":{"rendered":"Vietnam, Camboya y Tailandia"},"content":{"rendered":"<h3>Itinerario de Viaje: Vietnam, Camboya y Tailandia<\/h3>\n<p><strong>Salida:<\/strong> Consulte las nuevas fechas<br \/>\n<strong>Duraci\u00f3n:<\/strong> 20 d\u00edas<\/p>\n<h3>Incluye<\/h3>\n<ul>\n<li>A\u00e9reos internacionales y nacionales.<\/li>\n<li>Alojamiento con desayuno y pensi\u00f3n completa en crucero.<\/li>\n<li>Comidas seg\u00fan itinerario.<\/li>\n<li>Visitas y excursiones.<\/li>\n<li>Traslados.<\/li>\n<li>Gu\u00eda de habla hispana.<\/li>\n<li>Seguro de asistencia m\u00e9dica.<\/li>\n<li>Tour leader desde Argentina (m\u00ednimo 10 pasajeros).<\/li>\n<\/ul>\n<p><strong>No incluye:<\/strong><\/p>\n<ul>\n<li>Visas y tr\u00e1mites adicionales.<\/li>\n<li>Comidas no especificadas.<\/li>\n<li>Gastos personales.<\/li>\n<\/ul>\n<p><strong>Hoteles:<\/strong><\/p>\n<ul>\n<li>Hanoi: Hotel Grand Mercure 4*<\/li>\n<li>Bah\u00eda Lan Ha: Indochine Cruise Lan Ha 4*<\/li>\n<li>Hoi An: Victoria Hoi An 4*<\/li>\n<li>Hue: Indochine Palace Hotel 4*<\/li>\n<li>Ho Chi Minh: Pullman 4*<\/li>\n<li>Siem Reap: Borei Angkor Resort Hotel 4*<\/li>\n<li>Bangkok: Montien Hotel Surawong 4*<\/li>\n<li>Phuket: Hotel Novotel Phuket Kamala Beach 4*<\/li>\n<\/ul>\n<p><strong>Notas Importantes:<\/strong><\/p>\n<ul>\n<li>Certificado de vacunaci\u00f3n contra la fiebre amarilla obligatorio.<\/li>\n<li>La tarifa en base triple es la misma que en doble.<\/li>\n<li>Tarifa v\u00e1lida con m\u00ednimo de 10 pasajeros.<\/li>\n<li>Posibilidad de variaciones en itinerario y tarifas.<\/li>\n<\/ul>\n<p><em><strong><a href=\"https:\/\/www.kingmidas.com.ar\/paquetes_datos.php?id=928&amp;nv_id=GRUPALES\" target=\"_blank\" rel=\"noopener\">Ver m\u00e1s datos de Itinerario y precios<\/a><\/strong><\/em><\/p>","protected":false},"excerpt":{"rendered":"<p>Un viaje fascinante a trav\u00e9s de tres de los destinos m\u00e1s vibrantes del sudeste asi\u00e1tico. \u00a1Prep\u00e1rate para una experiencia \u00fanica que dejar\u00e1 recuerdos imborrables en tu coraz\u00f3n!<\/p>","protected":false},"featured_media":1185,"template":"","meta":{"inline_featured_image":false,"ocean_post_layout":"","ocean_both_sidebars_style":"","ocean_both_sidebars_content_width":0,"ocean_both_sidebars_sidebars_width":0,"ocean_sidebar":"0","ocean_second_sidebar":"0","ocean_disable_margins":"enable","ocean_add_body_class":"","ocean_shortcode_before_top_bar":"","ocean_shortcode_after_top_bar":"","ocean_shortcode_before_header":"","ocean_shortcode_after_header":"","ocean_has_shortcode":"","ocean_shortcode_after_title":"","ocean_shortcode_before_footer_widgets":"","ocean_shortcode_after_footer_widgets":"","ocean_shortcode_before_footer_bottom":"","ocean_shortcode_after_footer_bottom":"","ocean_display_top_bar":"default","ocean_display_header":"default","ocean_header_style":"","ocean_center_header_left_menu":"0","ocean_custom_header_template":"0","ocean_custom_logo":0,"ocean_custom_retina_logo":0,"ocean_custom_logo_max_width":0,"ocean_custom_logo_tablet_max_width":0,"ocean_custom_logo_mobile_max_width":0,"ocean_custom_logo_max_height":0,"ocean_custom_logo_tablet_max_height":0,"ocean_custom_logo_mobile_max_height":0,"ocean_header_custom_menu":"0","ocean_menu_typo_font_family":"0","ocean_menu_typo_font_subset":"","ocean_menu_typo_font_size":0,"ocean_menu_typo_font_size_tablet":0,"ocean_menu_typo_font_size_mobile":0,"ocean_menu_typo_font_size_unit":"px","ocean_menu_typo_font_weight":"","ocean_menu_typo_font_weight_tablet":"","ocean_menu_typo_font_weight_mobile":"","ocean_menu_typo_transform":"","ocean_menu_typo_transform_tablet":"","ocean_menu_typo_transform_mobile":"","ocean_menu_typo_line_height":0,"ocean_menu_typo_line_height_tablet":0,"ocean_menu_typo_line_height_mobile":0,"ocean_menu_typo_line_height_unit":"","ocean_menu_typo_spacing":0,"ocean_menu_typo_spacing_tablet":0,"ocean_menu_typo_spacing_mobile":0,"ocean_menu_typo_spacing_unit":"","ocean_menu_link_color":"","ocean_menu_link_color_hover":"","ocean_menu_link_color_active":"","ocean_menu_link_background":"","ocean_menu_link_hover_background":"","ocean_menu_link_active_background":"","ocean_menu_social_links_bg":"","ocean_menu_social_hover_links_bg":"","ocean_menu_social_links_color":"","ocean_menu_social_hover_links_color":"","ocean_disable_title":"default","ocean_disable_heading":"default","ocean_post_title":"","ocean_post_subheading":"","ocean_post_title_style":"","ocean_post_title_background_color":"","ocean_post_title_background":0,"ocean_post_title_bg_image_position":"","ocean_post_title_bg_image_attachment":"","ocean_post_title_bg_image_repeat":"","ocean_post_title_bg_image_size":"","ocean_post_title_height":0,"ocean_post_title_bg_overlay":0.5,"ocean_post_title_bg_overlay_color":"","ocean_disable_breadcrumbs":"default","ocean_breadcrumbs_color":"","ocean_breadcrumbs_separator_color":"","ocean_breadcrumbs_links_color":"","ocean_breadcrumbs_links_hover_color":"","ocean_display_footer_widgets":"default","ocean_display_footer_bottom":"default","ocean_custom_footer_template":"0"},"product_brand":[],"product_cat":[22],"product_tag":[34],"class_list":{"0":"post-621","1":"product","2":"type-product","3":"status-publish","4":"has-post-thumbnail","6":"product_cat-exoticos-polinesia-dubai-china-oceania","7":"product_tag-internacional","9":"entry","10":"has-media","12":"first","13":"instock","14":"shipping-taxable","15":"product-type-simple","16":"has-product-nav","17":"col","18":"span_1_of_4","19":"owp-content-center","20":"owp-thumbs-layout-horizontal","21":"owp-btn-normal","22":"owp-tabs-layout-section","23":"has-no-thumbnails"},"_links":{"self":[{"href":"https:\/\/sanchezhidalgo.tur.ar\/en\/wp-json\/wp\/v2\/product\/621","targetHints":{"allow":["GET"]}}],"collection":[{"href":"https:\/\/sanchezhidalgo.tur.ar\/en\/wp-json\/wp\/v2\/product"}],"about":[{"href":"https:\/\/sanchezhidalgo.tur.ar\/en\/wp-json\/wp\/v2\/types\/product"}],"wp:featuredmedia":[{"embeddable":true,"href":"https:\/\/sanchezhidalgo.tur.ar\/en\/wp-json\/wp\/v2\/media\/1185"}],"wp:attachment":[{"href":"https:\/\/sanchezhidalgo.tur.ar\/en\/wp-json\/wp\/v2\/media?parent=621"}],"wp:term":[{"taxonomy":"product_brand","embeddable":true,"href":"https:\/\/sanchezhidalgo.tur.ar\/en\/wp-json\/wp\/v2\/product_brand?post=621"},{"taxonomy":"product_cat","embeddable":true,"href":"https:\/\/sanchezhidalgo.tur.ar\/en\/wp-json\/wp\/v2\/product_cat?post=621"},{"taxonomy":"product_tag","embeddable":true,"href":"https:\/\/sanchezhidalgo.tur.ar\/en\/wp-json\/wp\/v2\/product_tag?post=621"}],"curies":[{"name":"wp","href":"https:\/\/api.w.org\/{rel}","templated":true}]}}