{"id":623,"date":"2024-10-19T09:10:57","date_gmt":"2024-10-19T12:10:57","guid":{"rendered":"https:\/\/sanchezhidalgo.tur.ar\/shvia\/?post_type=product&#038;p=623"},"modified":"2025-06-27T13:47:45","modified_gmt":"2025-06-27T16:47:45","slug":"japon-y-korea","status":"publish","type":"product","link":"https:\/\/sanchezhidalgo.tur.ar\/en\/viajes\/japon-y-korea\/","title":{"rendered":"Jap\u00f3n y Corea \u201cCherry Blossom\u201d"},"content":{"rendered":"<p><strong>Salida grupal: Consulte nuevas salidas<\/strong><\/p>\n<h3>Incluye<\/h3>\n<ul>\n<li>Pasaje a\u00e9reo con Ethiopian Airlines.<\/li>\n<li>Alojamiento con desayuno.<\/li>\n<li>Excursiones y visitas seg\u00fan itinerario.<\/li>\n<li>Comidas incluidas.<\/li>\n<li>Traslados y billetes de tren.<\/li>\n<li>Gu\u00edas de habla hispana.<\/li>\n<li>Seguro de asistencia m\u00e9dica.<\/li>\n<\/ul>\n<h3>No incluye<\/h3>\n<ul>\n<li>Comidas y bebidas no especificadas.<\/li>\n<li>Otros servicios no mencionados.<\/li>\n<\/ul>\n<h3><strong>Hoteles previstos<\/strong><\/h3>\n<ul>\n<li>Tokio: Hotel Grand Prince New Takanawa 4*.<\/li>\n<li>Kioto: Kyoto Tokyu Hotel 4*.<\/li>\n<li>Kanazawa: Hotel Nikko Kanazawa 4*.<\/li>\n<li>Takayama: Takayama Green Hotel.<\/li>\n<li>Osaka: Hotel Centara Grand Hotel Osaka 4*.<\/li>\n<li>Se\u00fal: Hotel Kukdo \/ The Splaisir Myeongdong Seoul 4*.<\/li>\n<li>Gyeongju: The K-Hotel 4*.<\/li>\n<li>Busan: Crown Harbor Hotel 4*.<\/li>\n<\/ul>\n<h3>Notas importantes<\/h3>\n<ul>\n<li>La tarifa base triple es la misma que la doble.<\/li>\n<li>Garantizamos tour l\u00edder desde Argentina con m\u00ednimo 10 pasajeros.<\/li>\n<li>La compa\u00f1\u00eda a\u00e9rea se reserva el derecho a cambios en horarios y vuelos sin previo aviso.<\/li>\n<\/ul>\n<p><a href=\"https:\/\/www.kingmidas.com.ar\/paquetes_datos.php?id=926&amp;nv_id=GRUPALES\" target=\"_blank\" rel=\"noopener\"><em><strong>Ver itinerario y precios<\/strong><\/em><\/a><\/p>\n<h3><strong>Reservas y Consultas<\/strong><\/h3>\n<p>Para m\u00e1s informaci\u00f3n o reservas, no dudes en contactarnos. \u00a1Te esperamos en esta aventura inolvidable por Jap\u00f3n y Corea!<\/p>","protected":false},"excerpt":{"rendered":"<p>Recorrido que te llevar\u00e1 desde las bulliciosas calles de Tokio hasta la serenidad de los templos en Kioto, y de la hist\u00f3rica Gyeongju a la din\u00e1mica Se\u00fal.<\/p>","protected":false},"featured_media":1183,"template":"","meta":{"inline_featured_image":false,"ocean_post_layout":"","ocean_both_sidebars_style":"","ocean_both_sidebars_content_width":0,"ocean_both_sidebars_sidebars_width":0,"ocean_sidebar":"0","ocean_second_sidebar":"0","ocean_disable_margins":"enable","ocean_add_body_class":"","ocean_shortcode_before_top_bar":"","ocean_shortcode_after_top_bar":"","ocean_shortcode_before_header":"","ocean_shortcode_after_header":"","ocean_has_shortcode":"","ocean_shortcode_after_title":"","ocean_shortcode_before_footer_widgets":"","ocean_shortcode_after_footer_widgets":"","ocean_shortcode_before_footer_bottom":"","ocean_shortcode_after_footer_bottom":"","ocean_display_top_bar":"default","ocean_display_header":"default","ocean_header_style":"","ocean_center_header_left_menu":"0","ocean_custom_header_template":"0","ocean_custom_logo":0,"ocean_custom_retina_logo":0,"ocean_custom_logo_max_width":0,"ocean_custom_logo_tablet_max_width":0,"ocean_custom_logo_mobile_max_width":0,"ocean_custom_logo_max_height":0,"ocean_custom_logo_tablet_max_height":0,"ocean_custom_logo_mobile_max_height":0,"ocean_header_custom_menu":"0","ocean_menu_typo_font_family":"0","ocean_menu_typo_font_subset":"","ocean_menu_typo_font_size":0,"ocean_menu_typo_font_size_tablet":0,"ocean_menu_typo_font_size_mobile":0,"ocean_menu_typo_font_size_unit":"px","ocean_menu_typo_font_weight":"","ocean_menu_typo_font_weight_tablet":"","ocean_menu_typo_font_weight_mobile":"","ocean_menu_typo_transform":"","ocean_menu_typo_transform_tablet":"","ocean_menu_typo_transform_mobile":"","ocean_menu_typo_line_height":0,"ocean_menu_typo_line_height_tablet":0,"ocean_menu_typo_line_height_mobile":0,"ocean_menu_typo_line_height_unit":"","ocean_menu_typo_spacing":0,"ocean_menu_typo_spacing_tablet":0,"ocean_menu_typo_spacing_mobile":0,"ocean_menu_typo_spacing_unit":"","ocean_menu_link_color":"","ocean_menu_link_color_hover":"","ocean_menu_link_color_active":"","ocean_menu_link_background":"","ocean_menu_link_hover_background":"","ocean_menu_link_active_background":"","ocean_menu_social_links_bg":"","ocean_menu_social_hover_links_bg":"","ocean_menu_social_links_color":"","ocean_menu_social_hover_links_color":"","ocean_disable_title":"default","ocean_disable_heading":"default","ocean_post_title":"","ocean_post_subheading":"","ocean_post_title_style":"","ocean_post_title_background_color":"","ocean_post_title_background":0,"ocean_post_title_bg_image_position":"","ocean_post_title_bg_image_attachment":"","ocean_post_title_bg_image_repeat":"","ocean_post_title_bg_image_size":"","ocean_post_title_height":0,"ocean_post_title_bg_overlay":0.5,"ocean_post_title_bg_overlay_color":"","ocean_disable_breadcrumbs":"default","ocean_breadcrumbs_color":"","ocean_breadcrumbs_separator_color":"","ocean_breadcrumbs_links_color":"","ocean_breadcrumbs_links_hover_color":"","ocean_display_footer_widgets":"default","ocean_display_footer_bottom":"default","ocean_custom_footer_template":"0"},"product_brand":[],"product_cat":[22],"product_tag":[34],"class_list":{"0":"post-623","1":"product","2":"type-product","3":"status-publish","4":"has-post-thumbnail","6":"product_cat-exoticos-polinesia-dubai-china-oceania","7":"product_tag-internacional","9":"entry","10":"has-media","12":"first","13":"instock","14":"shipping-taxable","15":"product-type-simple","16":"has-product-nav","17":"col","18":"span_1_of_4","19":"owp-content-center","20":"owp-thumbs-layout-horizontal","21":"owp-btn-normal","22":"owp-tabs-layout-section","23":"has-no-thumbnails"},"_links":{"self":[{"href":"https:\/\/sanchezhidalgo.tur.ar\/en\/wp-json\/wp\/v2\/product\/623","targetHints":{"allow":["GET"]}}],"collection":[{"href":"https:\/\/sanchezhidalgo.tur.ar\/en\/wp-json\/wp\/v2\/product"}],"about":[{"href":"https:\/\/sanchezhidalgo.tur.ar\/en\/wp-json\/wp\/v2\/types\/product"}],"wp:featuredmedia":[{"embeddable":true,"href":"https:\/\/sanchezhidalgo.tur.ar\/en\/wp-json\/wp\/v2\/media\/1183"}],"wp:attachment":[{"href":"https:\/\/sanchezhidalgo.tur.ar\/en\/wp-json\/wp\/v2\/media?parent=623"}],"wp:term":[{"taxonomy":"product_brand","embeddable":true,"href":"https:\/\/sanchezhidalgo.tur.ar\/en\/wp-json\/wp\/v2\/product_brand?post=623"},{"taxonomy":"product_cat","embeddable":true,"href":"https:\/\/sanchezhidalgo.tur.ar\/en\/wp-json\/wp\/v2\/product_cat?post=623"},{"taxonomy":"product_tag","embeddable":true,"href":"https:\/\/sanchezhidalgo.tur.ar\/en\/wp-json\/wp\/v2\/product_tag?post=623"}],"curies":[{"name":"wp","href":"https:\/\/api.w.org\/{rel}","templated":true}]}}